{"id":8,"date":"2023-08-07T12:42:27","date_gmt":"2023-08-07T10:42:27","guid":{"rendered":"https:\/\/www.apetito-catering.de\/aktion\/back-to-the-street\/?page_id=8"},"modified":"2023-08-23T16:39:03","modified_gmt":"2023-08-23T14:39:03","slug":"impressum","status":"publish","type":"page","link":"https:\/\/www.apetito-catering.de\/aktion\/back-to-the-street\/en\/impressum\/","title":{"rendered":"Imprint"},"content":{"rendered":"<h2 class=\"wp-block-heading\">apetito catering B.V. & Co. KG<\/h2>\n\n\n\n<p>Bonifatiusstra\u00dfe 305<br>D-48432 Rheine<br>Telefon: +49 (0) 5971 \/ 799 1690<br>Telefax: +49 (0) 5971 \/ 799 93 50<\/p>\n\n\n\n<p>Fragen und Anregungen bitte an:<a href=\"mailto:info@apetito-catering.de\">&nbsp;info@apetito-catering.de<\/a><\/p>\n\n\n\n<p>Rechtlicher Hinweis:<br>Eingetragen im Handelsregister beim<br>Amtsgericht Steinfurt<br>HRA 5828<\/p>\n\n\n\n<p>Umsatzsteuer-Identnummer: DE 815 101 064<\/p>\n\n\n\n<p>Pers\u00f6nlich haftende Gesellschafterin:<br>apetito catering Europe B.V.<\/p>\n\n\n\n<p>Sitz: Denekamp (NL)<\/p>\n\n\n\n<p>Eingetragen im Handelsregister<br>Kamer van Koophandel<br>voor Oost Nederland: 08204028<\/p>\n\n\n\n<p>Gesch\u00e4ftsf\u00fchrer:<br>Andreas Oellerich<\/p>\n\n\n\n<h2 class=\"wp-block-heading\">RECHTLICHER HINWEIS:<\/h2>\n\n\n\n<p>Eingetragen im Handelsregister beim<br>Amtsgericht Steinfurt<br>HRA 7819<br>Steuernummer: 311\/5940\/3257<\/p>\n\n\n\n<p>Pers\u00f6nlich haftende Gesellschafterin:<br>apetito catering Education B.V.<br>Sitz: Denekamp (NL)<\/p>\n\n\n\n<p>Eingetragen im Handelsregister<br>Kamer van Koophandel<br>80580610<\/p>\n\n\n\n<p>Gesch\u00e4ftsf\u00fchrer: Markus Lang<\/p>\n\n\n\n<h2 class=\"wp-block-heading\">Design\/Umsetzung:<\/h2>\n\n\n\n<p>Freundeskreis GmbH<br>Friedensstra\u00dfe 44<br>48145 M\u00fcnster<\/p>\n\n\n\n<p><a href=\"https:\/\/freundeskreis.ms\/\">freundeskreis.ms<\/a><\/p>\n\n\n\n<h3 class=\"wp-block-heading\">Alle Rechte vorbehalten, apetito catering B.V. & Co. KG 2011<\/h3>\n\n\n\n<p>Alle Rechte vorbehalten. Die Informationen sind Eigentum der apetito catering B.V. & Co. KG. Sie stellen die zum Zeitpunkt der Publikation jeweils neuesten Informationen dar. Eine Haftung oder Garantie f\u00fcr die Aktualit\u00e4t, Richtigkeit und Vollst\u00e4ndigkeit der zur Verf\u00fcgung gestellten Informationen und Daten ist ausgeschlossen. Die Informationen auf den Websites stellen in keinem Fall rechtliche Zusicherungen dar. Die apetito catering B.V. & Co. KG beh\u00e4lt sich das Recht vor, bei Bedarf \u00c4nderungen oder Erg\u00e4nzungen der bereitgestellten Informationen oder Daten durchzuf\u00fchren. Aus den hier beschriebenen Themenbereichen k\u00f6nnen keine Rechtsanspr\u00fcche abgeleitet werden. Angebote sind in allen Teilen unverbindlich. Die apetito catering B.V. & Co. KG haftet weder f\u00fcr direkte noch indirekte Sch\u00e4den, die durch die Nutzung der Informationen oder Daten entstehen, die auf dieser Website zu finden sind. Rechte und Pflichten zwischen der apetito catering B.V. & Co. KG und dem Nutzer der Website oder Dritten bestehen nicht. Die Inhalte der apetito catering B.V. & Co. KG sind urheberrechtlich gesch\u00fctzt. Die Inhalte d\u00fcrfen weder ganz noch teilweise ohne vorherige schriftliche Genehmigung des Urhebers vervielf\u00e4ltigt und\/oder ver\u00f6ffentlicht oder in einem Informationssystem gespeichert werden. S\u00e4mtliche Informationen oder Daten, ihre Nutzung sowie s\u00e4mtliches mit der Website der apetito catering B.V. & Co. KG zusammenh\u00e4ngendes Tun, Dulden oder Unterlassen unterliegen ausschlie\u00dflich deutschem Recht, unter Ausschluss von internationalem Recht. Erf\u00fcllungsort und ausschlie\u00dflicher Gerichtsstand ist Rheine.<\/p>\n\n\n\n<h3 class=\"wp-block-heading\">Hinweis f\u00fcr Verbraucher<\/h3>\n\n\n\n<p>Die EU-Kommission hat eine Internetplattform zur Online-Beilegung von Streitigkeiten (sog. \u201eOS-Plattform\u201c) geschaffen. Die OS-Plattform dient als Anlaufstelle zur au\u00dfergerichtlichen Beilegung von Streitigkeiten betreffend vertragliche Verpflichtungen, die aus Online-Kaufvertr\u00e4gen erwachsen. Sie k\u00f6nnen die OS-Plattform unter dem folgenden Link erreichen:&nbsp;<a href=\"https:\/\/ec.europa.eu\/consumers\/odr\/main\/index.cfm?event=main.home.show&lng=DE\" target=\"_blank\" rel=\"noreferrer noopener\">https:\/\/ec.europa.eu\/consumers\/odr\/main\/index.cfm?event=main.home.show&lng=DE<\/a><\/p>\n\n\n\n<p>apetito catering B.V. & Co. KG erkl\u00e4rt, nicht an einem au\u00dfergerichtlichen Streitbeilegungsverfahren vor einer Schlichtungsstelle teilzunehmen und dazu auch nicht verpflichtet zu sein. apetito catering Education B.V. & Co. KG erkl\u00e4rt, nicht an einem au\u00dfergerichtlichen Streitbeilegungsverfahren vor einer Schlichtungsstelle teilzunehmen und dazu auch nicht verpflichtet zu sein.<\/p>","protected":false},"excerpt":{"rendered":"<p>apetito catering B.V. &#038; Co. KG Bonifatiusstra\u00dfe 305D-48432 RheineTelefon: +49 (0) 5971 \/ 799 1690Telefax: +49 (0) 5971 \/ 799 93 50 Fragen und Anregungen bitte an:&nbsp;info@apetito-catering.de Rechtlicher Hinweis:Eingetragen im Handelsregister beimAmtsgericht SteinfurtHRA 5828 Umsatzsteuer-Identnummer: DE 815 101 064 Pers\u00f6nlich haftende Gesellschafterin:apetito catering Europe B.V. Sitz: Denekamp (NL) Eingetragen im HandelsregisterKamer van Koophandelvoor Oost Nederland: [&hellip;]<\/p>\n","protected":false},"author":1,"featured_media":0,"parent":0,"menu_order":0,"comment_status":"closed","ping_status":"closed","template":"wp-custom-template-legal","meta":{"inline_featured_image":false,"footnotes":""},"class_list":["post-8","page","type-page","status-publish","hentry"],"yoast_head":"<!-- This site is optimized with the Yoast SEO plugin v27.1 - https:\/\/yoast.com\/product\/yoast-seo-wordpress\/ -->\n<title>Impressum - apetito | BACK TO THE STREET<\/title>\n<meta name=\"robots\" content=\"index, follow, max-snippet:-1, max-image-preview:large, max-video-preview:-1\" \/>\n<link rel=\"canonical\" href=\"https:\/\/www.apetito-catering.de\/aktion\/back-to-the-street\/en\/impressum\/\" \/>\n<meta property=\"og:locale\" content=\"en_GB\" \/>\n<meta property=\"og:type\" content=\"article\" \/>\n<meta property=\"og:title\" content=\"Impressum - apetito | BACK TO THE STREET\" \/>\n<meta property=\"og:description\" content=\"apetito catering B.V. &amp; Co. KG Bonifatiusstra\u00dfe 305D-48432 RheineTelefon: +49 (0) 5971 \/ 799 1690Telefax: +49 (0) 5971 \/ 799 93 50 Fragen und Anregungen bitte an:&nbsp;info@apetito-catering.de Rechtlicher Hinweis:Eingetragen im Handelsregister beimAmtsgericht SteinfurtHRA 5828 Umsatzsteuer-Identnummer: DE 815 101 064 Pers\u00f6nlich haftende Gesellschafterin:apetito catering Europe B.V. Sitz: Denekamp (NL) Eingetragen im HandelsregisterKamer van Koophandelvoor Oost Nederland: [&hellip;]\" \/>\n<meta property=\"og:url\" content=\"https:\/\/www.apetito-catering.de\/aktion\/back-to-the-street\/en\/impressum\/\" \/>\n<meta property=\"og:site_name\" content=\"apetito | BACK TO THE STREET\" \/>\n<meta property=\"article:modified_time\" content=\"2023-08-23T14:39:03+00:00\" \/>\n<meta name=\"twitter:card\" content=\"summary_large_image\" \/>\n<meta name=\"twitter:label1\" content=\"Estimated reading time\" \/>\n\t<meta name=\"twitter:data1\" content=\"2 minutes\" \/>\n<script type=\"application\/ld+json\" class=\"yoast-schema-graph\">{\"@context\":\"https:\/\/schema.org\",\"@graph\":[{\"@type\":\"WebPage\",\"@id\":\"https:\/\/www.apetito-catering.de\/aktion\/back-to-the-street\/impressum\/\",\"url\":\"https:\/\/www.apetito-catering.de\/aktion\/back-to-the-street\/impressum\/\",\"name\":\"Impressum - apetito | BACK TO THE STREET\",\"isPartOf\":{\"@id\":\"https:\/\/www.apetito-catering.de\/aktion\/back-to-the-street\/#website\"},\"datePublished\":\"2023-08-07T10:42:27+00:00\",\"dateModified\":\"2023-08-23T14:39:03+00:00\",\"breadcrumb\":{\"@id\":\"https:\/\/www.apetito-catering.de\/aktion\/back-to-the-street\/impressum\/#breadcrumb\"},\"inLanguage\":\"en-GB\",\"potentialAction\":[{\"@type\":\"ReadAction\",\"target\":[\"https:\/\/www.apetito-catering.de\/aktion\/back-to-the-street\/impressum\/\"]}]},{\"@type\":\"BreadcrumbList\",\"@id\":\"https:\/\/www.apetito-catering.de\/aktion\/back-to-the-street\/impressum\/#breadcrumb\",\"itemListElement\":[{\"@type\":\"ListItem\",\"position\":1,\"name\":\"Startseite\",\"item\":\"https:\/\/www.apetito-catering.de\/aktion\/back-to-the-street\/\"},{\"@type\":\"ListItem\",\"position\":2,\"name\":\"Impressum\"}]},{\"@type\":\"WebSite\",\"@id\":\"https:\/\/www.apetito-catering.de\/aktion\/back-to-the-street\/#website\",\"url\":\"https:\/\/www.apetito-catering.de\/aktion\/back-to-the-street\/\",\"name\":\"apetito | BACK TO THE STREET\",\"description\":\"\",\"publisher\":{\"@id\":\"https:\/\/www.apetito-catering.de\/aktion\/back-to-the-street\/#organization\"},\"potentialAction\":[{\"@type\":\"SearchAction\",\"target\":{\"@type\":\"EntryPoint\",\"urlTemplate\":\"https:\/\/www.apetito-catering.de\/aktion\/back-to-the-street\/?s={search_term_string}\"},\"query-input\":{\"@type\":\"PropertyValueSpecification\",\"valueRequired\":true,\"valueName\":\"search_term_string\"}}],\"inLanguage\":\"en-GB\"},{\"@type\":\"Organization\",\"@id\":\"https:\/\/www.apetito-catering.de\/aktion\/back-to-the-street\/#organization\",\"name\":\"apetito\",\"url\":\"https:\/\/www.apetito-catering.de\/aktion\/back-to-the-street\/\",\"logo\":{\"@type\":\"ImageObject\",\"inLanguage\":\"en-GB\",\"@id\":\"https:\/\/www.apetito-catering.de\/aktion\/back-to-the-street\/#\/schema\/logo\/image\/\",\"url\":\"https:\/\/www.apetito-catering.de\/aktion\/back-to-the-street\/wp-content\/uploads\/2024\/03\/Logo-acKontur.svg\",\"contentUrl\":\"https:\/\/www.apetito-catering.de\/aktion\/back-to-the-street\/wp-content\/uploads\/2024\/03\/Logo-acKontur.svg\",\"caption\":\"apetito\"},\"image\":{\"@id\":\"https:\/\/www.apetito-catering.de\/aktion\/back-to-the-street\/#\/schema\/logo\/image\/\"}}]}<\/script>\n<!-- \/ Yoast SEO plugin. -->","yoast_head_json":{"title":"Impressum - apetito | BACK TO THE STREET","robots":{"index":"index","follow":"follow","max-snippet":"max-snippet:-1","max-image-preview":"max-image-preview:large","max-video-preview":"max-video-preview:-1"},"canonical":"https:\/\/www.apetito-catering.de\/aktion\/back-to-the-street\/en\/impressum\/","og_locale":"en_GB","og_type":"article","og_title":"Impressum - apetito | BACK TO THE STREET","og_description":"apetito catering B.V. & Co. KG Bonifatiusstra\u00dfe 305D-48432 RheineTelefon: +49 (0) 5971 \/ 799 1690Telefax: +49 (0) 5971 \/ 799 93 50 Fragen und Anregungen bitte an:&nbsp;info@apetito-catering.de Rechtlicher Hinweis:Eingetragen im Handelsregister beimAmtsgericht SteinfurtHRA 5828 Umsatzsteuer-Identnummer: DE 815 101 064 Pers\u00f6nlich haftende Gesellschafterin:apetito catering Europe B.V. Sitz: Denekamp (NL) Eingetragen im HandelsregisterKamer van Koophandelvoor Oost Nederland: [&hellip;]","og_url":"https:\/\/www.apetito-catering.de\/aktion\/back-to-the-street\/en\/impressum\/","og_site_name":"apetito | BACK TO THE STREET","article_modified_time":"2023-08-23T14:39:03+00:00","twitter_card":"summary_large_image","twitter_misc":{"Estimated reading time":"2 minutes"},"schema":{"@context":"https:\/\/schema.org","@graph":[{"@type":"WebPage","@id":"https:\/\/www.apetito-catering.de\/aktion\/back-to-the-street\/impressum\/","url":"https:\/\/www.apetito-catering.de\/aktion\/back-to-the-street\/impressum\/","name":"Impressum - apetito | BACK TO THE STREET","isPartOf":{"@id":"https:\/\/www.apetito-catering.de\/aktion\/back-to-the-street\/#website"},"datePublished":"2023-08-07T10:42:27+00:00","dateModified":"2023-08-23T14:39:03+00:00","breadcrumb":{"@id":"https:\/\/www.apetito-catering.de\/aktion\/back-to-the-street\/impressum\/#breadcrumb"},"inLanguage":"en-GB","potentialAction":[{"@type":"ReadAction","target":["https:\/\/www.apetito-catering.de\/aktion\/back-to-the-street\/impressum\/"]}]},{"@type":"BreadcrumbList","@id":"https:\/\/www.apetito-catering.de\/aktion\/back-to-the-street\/impressum\/#breadcrumb","itemListElement":[{"@type":"ListItem","position":1,"name":"Startseite","item":"https:\/\/www.apetito-catering.de\/aktion\/back-to-the-street\/"},{"@type":"ListItem","position":2,"name":"Impressum"}]},{"@type":"WebSite","@id":"https:\/\/www.apetito-catering.de\/aktion\/back-to-the-street\/#website","url":"https:\/\/www.apetito-catering.de\/aktion\/back-to-the-street\/","name":"apetito | BACK TO THE STREET","description":"","publisher":{"@id":"https:\/\/www.apetito-catering.de\/aktion\/back-to-the-street\/#organization"},"potentialAction":[{"@type":"SearchAction","target":{"@type":"EntryPoint","urlTemplate":"https:\/\/www.apetito-catering.de\/aktion\/back-to-the-street\/?s={search_term_string}"},"query-input":{"@type":"PropertyValueSpecification","valueRequired":true,"valueName":"search_term_string"}}],"inLanguage":"en-GB"},{"@type":"Organization","@id":"https:\/\/www.apetito-catering.de\/aktion\/back-to-the-street\/#organization","name":"apetito","url":"https:\/\/www.apetito-catering.de\/aktion\/back-to-the-street\/","logo":{"@type":"ImageObject","inLanguage":"en-GB","@id":"https:\/\/www.apetito-catering.de\/aktion\/back-to-the-street\/#\/schema\/logo\/image\/","url":"https:\/\/www.apetito-catering.de\/aktion\/back-to-the-street\/wp-content\/uploads\/2024\/03\/Logo-acKontur.svg","contentUrl":"https:\/\/www.apetito-catering.de\/aktion\/back-to-the-street\/wp-content\/uploads\/2024\/03\/Logo-acKontur.svg","caption":"apetito"},"image":{"@id":"https:\/\/www.apetito-catering.de\/aktion\/back-to-the-street\/#\/schema\/logo\/image\/"}}]}},"_links":{"self":[{"href":"https:\/\/www.apetito-catering.de\/aktion\/back-to-the-street\/en\/wp-json\/wp\/v2\/pages\/8","targetHints":{"allow":["GET"]}}],"collection":[{"href":"https:\/\/www.apetito-catering.de\/aktion\/back-to-the-street\/en\/wp-json\/wp\/v2\/pages"}],"about":[{"href":"https:\/\/www.apetito-catering.de\/aktion\/back-to-the-street\/en\/wp-json\/wp\/v2\/types\/page"}],"author":[{"embeddable":true,"href":"https:\/\/www.apetito-catering.de\/aktion\/back-to-the-street\/en\/wp-json\/wp\/v2\/users\/1"}],"replies":[{"embeddable":true,"href":"https:\/\/www.apetito-catering.de\/aktion\/back-to-the-street\/en\/wp-json\/wp\/v2\/comments?post=8"}],"version-history":[{"count":2,"href":"https:\/\/www.apetito-catering.de\/aktion\/back-to-the-street\/en\/wp-json\/wp\/v2\/pages\/8\/revisions"}],"predecessor-version":[{"id":197,"href":"https:\/\/www.apetito-catering.de\/aktion\/back-to-the-street\/en\/wp-json\/wp\/v2\/pages\/8\/revisions\/197"}],"wp:attachment":[{"href":"https:\/\/www.apetito-catering.de\/aktion\/back-to-the-street\/en\/wp-json\/wp\/v2\/media?parent=8"}],"curies":[{"name":"wp","href":"https:\/\/api.w.org\/{rel}","templated":true}]}}