{"id":16,"date":"2026-02-04T08:34:20","date_gmt":"2026-02-04T08:34:20","guid":{"rendered":"https:\/\/vielfalt.t4m.me\/?page_id=16"},"modified":"2026-03-02T14:04:05","modified_gmt":"2026-03-02T14:04:05","slug":"impressum","status":"publish","type":"page","link":"https:\/\/www.apetito-catering.de\/aktion\/welt-entdecken-vielfalt-schmecken\/impressum\/","title":{"rendered":"Impressum"},"content":{"rendered":"\t\t<div data-elementor-type=\"wp-page\" data-elementor-id=\"16\" class=\"elementor elementor-16\" data-elementor-post-type=\"page\">\n\t\t\t\t<div class=\"elementor-element elementor-element-618f32e e-flex e-con-boxed e-con e-parent\" data-id=\"618f32e\" data-element_type=\"container\" data-e-type=\"container\" data-settings=\"{&quot;background_background&quot;:&quot;classic&quot;}\">\n\t\t\t\t\t<div class=\"e-con-inner\">\n\t\t\t\t<div class=\"elementor-element elementor-element-4254f35 text-left elementor-widget__width-initial elementor-widget-tablet__width-inherit elementor-widget elementor-widget-tp-advanced-typography\" data-id=\"4254f35\" data-element_type=\"widget\" data-e-type=\"widget\" data-widget_type=\"tp-advanced-typography.default\">\n\t\t\t\t<div class=\"elementor-widget-container\">\n\t\t\t\t\t<style>.pt-plus-adv-typo-wrapper .pt_plus_adv_typo_block > h1,.pt-plus-adv-typo-wrapper .pt_plus_adv_typo_block > h2,.pt-plus-adv-typo-wrapper .pt_plus_adv_typo_block > h3,.pt-plus-adv-typo-wrapper .pt_plus_adv_typo_block > h4,.pt-plus-adv-typo-wrapper .pt_plus_adv_typo_block > h5,.pt-plus-adv-typo-wrapper .pt_plus_adv_typo_block > h6 {padding: 0;margin: 0;}<\/style><div id=\"at4254f35\" class=\"pt-plus-adv-typo-wrapper\"><div class=\"pt_plus_adv_typo_block   none\"><h1 id=\"advtypo69dcf8702d5f5\" class=\"text-content-block   typo_stroke     \"  style=\"\"  >Impressum<\/h1><\/div><\/div>\t\t\t\t<\/div>\n\t\t\t\t<\/div>\n\t\t\t\t<div class=\"elementor-element elementor-element-7f3f95b elementor-widget-tablet__width-inherit elementor-widget__width-initial elementor-widget elementor-widget-text-editor\" data-id=\"7f3f95b\" data-element_type=\"widget\" data-e-type=\"widget\" data-widget_type=\"text-editor.default\">\n\t\t\t\t<div class=\"elementor-widget-container\">\n\t\t\t\t\t\t\t\t\t<div id=\"c634\" class=\"grid-row row frame frame-default frame-type-2cols-container frame-layout-0 frame-space-before-none frame-space-after-medium align-items-start\"><div class=\"grid-col col-12 col-md-8 col-lg-9\"><div class=\"grid-col__styles d-flex flex-column justify-content-start\"><p><strong>apetito catering B.V. &amp; Co. KG<br \/><\/strong>Bonifatiusstra\u00dfe 305<br \/>48432 Rheine<\/p><p>Telefon:\u00a0<a href=\"tel:0597180703000\">+49 (0) 5971 \/ 8070 3000<\/a><br \/>Telefax: +49 (0) 5971 \/ 8070 3004<\/p><p>Fragen und Anregungen bitte an:\u00a0<a href=\"https:\/\/www.apetito-catering.de\/#\" data-mailto-token=\"kygjrm8gldmYyncrgrm+ayrcpgle,bc\" data-mailto-vector=\"-2\">info@apetito-catering.de<\/a><\/p><p>\u00a0<\/p><p><strong>RECHTLICHER HINWEIS:<\/strong><\/p><p>Eingetragen im Handelsregister beim<br \/>Amtsgericht Steinfurt<br \/>HRA 5828<br \/>Umsatzsteuer-Identnummer: DE 815 101 064<\/p><p>Pers\u00f6nlich haftende Gesellschafterin:<br \/>apetito catering Europe B.V.<\/p><p>Sitz:\u00a0Denekamp (NL)<\/p><p>Eingetragen im Handelsregister<br \/>Kamer van Koophandel<br \/>voor Oost Nederland: 08204028<\/p><p>Gesch\u00e4ftsf\u00fchrer:<br \/>Andreas Oellerich<\/p><h5>\u00a0<\/h5><h5 id=\"c635\" class=\"frame frame-default frame-type-text frame-layout-0\">Gesellschaft apetito catering Education B.V. &amp; Co. KG<\/h5><\/div><\/div><\/div><div id=\"c634\" class=\"grid-row row frame frame-default frame-type-2cols-container frame-layout-0 frame-space-before-none frame-space-after-medium align-items-start\"><div class=\"grid-col col-12 col-md-8 col-lg-9\"><div class=\"grid-col__styles d-flex flex-column justify-content-start\"><div id=\"c635\" class=\"frame frame-default frame-type-text frame-layout-0\" data-animation=\"\"><p>apetito catering Education B.V. &amp; Co. KG<br \/>D\u00fcsterbergstra\u00dfe 5 48432 Rheine<\/p><p>Telefon:\u00a0<a href=\"tel:0597180704000\">+49 (0) 5971 \/ 8070 4000<\/a><br \/>Telefax: +49 (0) 5971 \/ 8070 4001<\/p><p>Fragen und Anregungen bitte an:\u00a0<a href=\"https:\/\/www.apetito-catering.de\/#\" data-mailto-token=\"kygjrm8cbsayrgmlYyncrgrm+ayrcpgle,bc\" data-mailto-vector=\"-2\">education@apetito-catering.de<\/a><\/p><p><strong>\u00a0<\/strong><\/p><p><strong>RECHTLICHER HINWEIS:<\/strong><\/p><p>Eingetragen im Handelsregister beim<br \/>Amtsgericht Steinfurt<br \/>HRA 7819<br \/>Steuernummer: 311\/5940\/3257<\/p><p>Pers\u00f6nlich haftende Gesellschafterin:<br \/>apetito catering Education B.V.<br \/>Sitz: Denekamp (NL)<\/p><p>Eingetragen im Handelsregister<br \/>Kamer van Koophandel<br \/>80580610<\/p><p>Gesch\u00e4ftsf\u00fchrer: Markus Lang<\/p><p>\u00a0<\/p><p><strong>Design\/Umsetzung:<\/strong><\/p><p>team4media GmbH<br \/>Lengericher Landstr. 7<br \/>49078 Osnabr\u00fcck<\/p><p>info@team4media.net<br \/><a href=\"https:\/\/www.team4media.net\/\" target=\"_blank\" rel=\"noopener\">www.team4media.net<\/a><\/p><p>\u00a0<\/p><p><strong>\u00a9 Alle Rechte vorbehalten, apetito catering B.V. &amp; Co. KG 2011<\/strong><\/p><p>Alle Rechte vorbehalten. Die Informationen sind Eigentum der apetito catering B.V. &amp; Co. KG. Sie stellen die zum Zeitpunkt der Publikation jeweils neuesten Informationen dar. Eine Haftung oder Garantie f\u00fcr die Aktualit\u00e4t, Richtigkeit und Vollst\u00e4ndigkeit der zur Verf\u00fcgung gestellten Informationen und Daten ist ausgeschlossen. Die Informationen auf den Websites stellen in keinem Fall rechtliche Zusicherungen dar. Die apetito catering B.V. &amp; Co. KG beh\u00e4lt sich das Recht vor, bei Bedarf \u00c4nderungen oder Erg\u00e4nzungen der bereitgestellten Informationen oder Daten durchzuf\u00fchren. Aus den hier beschriebenen Themenbereichen k\u00f6nnen keine Rechtsanspr\u00fcche abgeleitet werden. Angebote sind in allen Teilen unverbindlich. Die apetito catering B.V. &amp; Co. KG haftet weder f\u00fcr direkte noch indirekte Sch\u00e4den, die durch die Nutzung der Informationen oder Daten entstehen, die auf dieser Website zu finden sind. Rechte und Pflichten zwischen der apetito catering B.V. &amp; Co. KG und dem Nutzer der Website oder Dritten bestehen nicht. Die Inhalte der apetito catering B.V. &amp; Co. KG sind urheberrechtlich gesch\u00fctzt. Die Inhalte d\u00fcrfen weder ganz noch teilweise ohne vorherige schriftliche Genehmigung des Urhebers vervielf\u00e4ltigt und\/oder ver\u00f6ffentlicht oder in einem Informationssystem gespeichert werden. S\u00e4mtliche Informationen oder Daten, ihre Nutzung sowie s\u00e4mtliches mit der Website der apetito catering B.V. &amp; Co. KG zusammenh\u00e4ngendes Tun, Dulden oder Unterlassen unterliegen ausschlie\u00dflich deutschem Recht, unter Ausschluss von internationalem Recht. Erf\u00fcllungsort und ausschlie\u00dflicher Gerichtsstand ist Rheine.<\/p><p>\u00a0<\/p><p><strong>Hinweis f\u00fcr Verbraucher:<\/strong><\/p><p>apetito catering B.V. &amp; Co. KG\u00a0 erkl\u00e4rt, nicht an einem au\u00dfergerichtlichen Streitbeilegungsverfahren vor einer Schlichtungsstelle teilzunehmen und dazu auch nicht verpflichtet zu sein.<\/p><p>apetito catering Education B.V. &amp; Co. KG\u00a0 erkl\u00e4rt, nicht an einem au\u00dfergerichtlichen Streitbeilegungsverfahren vor einer Schlichtungsstelle teilzunehmen und dazu auch nicht verpflichtet zu sein.<\/p><\/div><\/div><\/div><\/div><div>\u00a0<\/div><div class=\"grid-col grid-col--header col-12\"><strong>Bild- und Fontnachweis:<\/strong><\/div><div class=\"grid-col grid-col--header col-12\">Adobe Stock<\/div><div>\u00a0<\/div><p>Die auf dieser Website verwendete Schriftart steht unter der SIL Open Font License, Version 1.1 und wurde von gluk entwickelt.<br \/>Icons made from <a href=\"https:\/\/www.onlinewebfonts.com\/icon\">svg icons<\/a>is licensed by CC BY 4.0<\/p>\t\t\t\t\t\t\t\t<\/div>\n\t\t\t\t<\/div>\n\t\t\t\t\t<\/div>\n\t\t\t\t<\/div>\n\t\t\t\t<\/div>\n\t\t","protected":false},"excerpt":{"rendered":"<p>Impressum apetito catering B.V. &amp; Co. KGBonifatiusstra\u00dfe 30548432 Rheine Telefon:\u00a0+49 (0) 5971 \/ 8070 3000Telefax: +49 (0) 5971 \/ 8070 3004 Fragen und Anregungen bitte an:\u00a0info@apetito-catering.de \u00a0 RECHTLICHER HINWEIS: Eingetragen im Handelsregister beimAmtsgericht SteinfurtHRA 5828Umsatzsteuer-Identnummer: DE 815 101 064 Pers\u00f6nlich haftende Gesellschafterin:apetito catering Europe B.V. Sitz:\u00a0Denekamp (NL) Eingetragen im HandelsregisterKamer van Koophandelvoor Oost Nederland: 08204028 [&hellip;]<\/p>\n","protected":false},"author":1,"featured_media":0,"parent":0,"menu_order":0,"comment_status":"closed","ping_status":"closed","template":"elementor_header_footer","meta":{"footnotes":""},"class_list":["post-16","page","type-page","status-publish","hentry"],"yoast_head":"<!-- This site is optimized with the Yoast SEO plugin v27.1.1 - https:\/\/yoast.com\/product\/yoast-seo-wordpress\/ -->\n<title>Impressum<\/title>\n<meta name=\"description\" content=\"Rechtliche Angaben und Kontaktdaten der apetito catering B.V. &amp; Co. KG gem\u00e4\u00df \u00a7 5 TMG.\" \/>\n<meta name=\"robots\" content=\"index, follow, max-snippet:-1, max-image-preview:large, max-video-preview:-1\" \/>\n<link rel=\"canonical\" href=\"https:\/\/www.apetito-catering.de\/aktion\/welt-entdecken-vielfalt-schmecken\/impressum\/\" \/>\n<meta property=\"og:locale\" content=\"de_DE\" \/>\n<meta property=\"og:type\" content=\"article\" \/>\n<meta property=\"og:title\" content=\"Impressum\" \/>\n<meta property=\"og:description\" content=\"Rechtliche Angaben und Kontaktdaten der apetito catering B.V. &amp; Co. KG gem\u00e4\u00df \u00a7 5 TMG.\" \/>\n<meta property=\"og:url\" content=\"https:\/\/www.apetito-catering.de\/aktion\/welt-entdecken-vielfalt-schmecken\/impressum\/\" \/>\n<meta property=\"og:site_name\" content=\"apetito catering Aktion\" \/>\n<meta property=\"article:modified_time\" content=\"2026-03-02T14:04:05+00:00\" \/>\n<meta name=\"twitter:card\" content=\"summary_large_image\" \/>\n<meta name=\"twitter:label1\" content=\"Gesch\u00e4tzte Lesezeit\" \/>\n\t<meta name=\"twitter:data1\" content=\"3\u00a0Minuten\" \/>\n<script type=\"application\/ld+json\" class=\"yoast-schema-graph\">{\"@context\":\"https:\/\/schema.org\",\"@graph\":[{\"@type\":\"WebPage\",\"@id\":\"https:\/\/www.apetito-catering.de\/aktion\/welt-entdecken-vielfalt-schmecken\/impressum\/\",\"url\":\"https:\/\/www.apetito-catering.de\/aktion\/welt-entdecken-vielfalt-schmecken\/impressum\/\",\"name\":\"Impressum\",\"isPartOf\":{\"@id\":\"https:\/\/www.apetito-catering.de\/aktion\/welt-entdecken-vielfalt-schmecken\/#website\"},\"datePublished\":\"2026-02-04T08:34:20+00:00\",\"dateModified\":\"2026-03-02T14:04:05+00:00\",\"description\":\"Rechtliche Angaben und Kontaktdaten der apetito catering B.V. & Co. KG gem\u00e4\u00df \u00a7 5 TMG.\",\"breadcrumb\":{\"@id\":\"https:\/\/www.apetito-catering.de\/aktion\/welt-entdecken-vielfalt-schmecken\/impressum\/#breadcrumb\"},\"inLanguage\":\"de\",\"potentialAction\":[{\"@type\":\"ReadAction\",\"target\":[\"https:\/\/www.apetito-catering.de\/aktion\/welt-entdecken-vielfalt-schmecken\/impressum\/\"]}]},{\"@type\":\"BreadcrumbList\",\"@id\":\"https:\/\/www.apetito-catering.de\/aktion\/welt-entdecken-vielfalt-schmecken\/impressum\/#breadcrumb\",\"itemListElement\":[{\"@type\":\"ListItem\",\"position\":1,\"name\":\"Start\",\"item\":\"https:\/\/www.apetito-catering.de\/aktion\/welt-entdecken-vielfalt-schmecken\/\"},{\"@type\":\"ListItem\",\"position\":2,\"name\":\"Impressum\"}]},{\"@type\":\"WebSite\",\"@id\":\"https:\/\/www.apetito-catering.de\/aktion\/welt-entdecken-vielfalt-schmecken\/#website\",\"url\":\"https:\/\/www.apetito-catering.de\/aktion\/welt-entdecken-vielfalt-schmecken\/\",\"name\":\"apetito catering Aktion\",\"description\":\"Welt entdecken \u2013 Vielfalt schmecken\",\"publisher\":{\"@id\":\"https:\/\/www.apetito-catering.de\/aktion\/welt-entdecken-vielfalt-schmecken\/#organization\"},\"potentialAction\":[{\"@type\":\"SearchAction\",\"target\":{\"@type\":\"EntryPoint\",\"urlTemplate\":\"https:\/\/www.apetito-catering.de\/aktion\/welt-entdecken-vielfalt-schmecken\/?s={search_term_string}\"},\"query-input\":{\"@type\":\"PropertyValueSpecification\",\"valueRequired\":true,\"valueName\":\"search_term_string\"}}],\"inLanguage\":\"de\"},{\"@type\":\"Organization\",\"@id\":\"https:\/\/www.apetito-catering.de\/aktion\/welt-entdecken-vielfalt-schmecken\/#organization\",\"name\":\"apetito catering Aktion\",\"url\":\"https:\/\/www.apetito-catering.de\/aktion\/welt-entdecken-vielfalt-schmecken\/\",\"logo\":{\"@type\":\"ImageObject\",\"inLanguage\":\"de\",\"@id\":\"https:\/\/www.apetito-catering.de\/aktion\/welt-entdecken-vielfalt-schmecken\/#\/schema\/logo\/image\/\",\"url\":\"https:\/\/www.apetito-catering.de\/aktion\/welt-entdecken-vielfalt-schmecken\/wp-content\/uploads\/2025\/12\/apetito_catering_logo.svg\",\"contentUrl\":\"https:\/\/www.apetito-catering.de\/aktion\/welt-entdecken-vielfalt-schmecken\/wp-content\/uploads\/2025\/12\/apetito_catering_logo.svg\",\"width\":309,\"height\":137,\"caption\":\"apetito catering Aktion\"},\"image\":{\"@id\":\"https:\/\/www.apetito-catering.de\/aktion\/welt-entdecken-vielfalt-schmecken\/#\/schema\/logo\/image\/\"}}]}<\/script>\n<!-- \/ Yoast SEO plugin. -->","yoast_head_json":{"title":"Impressum","description":"Rechtliche Angaben und Kontaktdaten der apetito catering B.V. & Co. KG gem\u00e4\u00df \u00a7 5 TMG.","robots":{"index":"index","follow":"follow","max-snippet":"max-snippet:-1","max-image-preview":"max-image-preview:large","max-video-preview":"max-video-preview:-1"},"canonical":"https:\/\/www.apetito-catering.de\/aktion\/welt-entdecken-vielfalt-schmecken\/impressum\/","og_locale":"de_DE","og_type":"article","og_title":"Impressum","og_description":"Rechtliche Angaben und Kontaktdaten der apetito catering B.V. & Co. KG gem\u00e4\u00df \u00a7 5 TMG.","og_url":"https:\/\/www.apetito-catering.de\/aktion\/welt-entdecken-vielfalt-schmecken\/impressum\/","og_site_name":"apetito catering Aktion","article_modified_time":"2026-03-02T14:04:05+00:00","twitter_card":"summary_large_image","twitter_misc":{"Gesch\u00e4tzte Lesezeit":"3\u00a0Minuten"},"schema":{"@context":"https:\/\/schema.org","@graph":[{"@type":"WebPage","@id":"https:\/\/www.apetito-catering.de\/aktion\/welt-entdecken-vielfalt-schmecken\/impressum\/","url":"https:\/\/www.apetito-catering.de\/aktion\/welt-entdecken-vielfalt-schmecken\/impressum\/","name":"Impressum","isPartOf":{"@id":"https:\/\/www.apetito-catering.de\/aktion\/welt-entdecken-vielfalt-schmecken\/#website"},"datePublished":"2026-02-04T08:34:20+00:00","dateModified":"2026-03-02T14:04:05+00:00","description":"Rechtliche Angaben und Kontaktdaten der apetito catering B.V. & Co. KG gem\u00e4\u00df \u00a7 5 TMG.","breadcrumb":{"@id":"https:\/\/www.apetito-catering.de\/aktion\/welt-entdecken-vielfalt-schmecken\/impressum\/#breadcrumb"},"inLanguage":"de","potentialAction":[{"@type":"ReadAction","target":["https:\/\/www.apetito-catering.de\/aktion\/welt-entdecken-vielfalt-schmecken\/impressum\/"]}]},{"@type":"BreadcrumbList","@id":"https:\/\/www.apetito-catering.de\/aktion\/welt-entdecken-vielfalt-schmecken\/impressum\/#breadcrumb","itemListElement":[{"@type":"ListItem","position":1,"name":"Start","item":"https:\/\/www.apetito-catering.de\/aktion\/welt-entdecken-vielfalt-schmecken\/"},{"@type":"ListItem","position":2,"name":"Impressum"}]},{"@type":"WebSite","@id":"https:\/\/www.apetito-catering.de\/aktion\/welt-entdecken-vielfalt-schmecken\/#website","url":"https:\/\/www.apetito-catering.de\/aktion\/welt-entdecken-vielfalt-schmecken\/","name":"apetito catering Aktion","description":"Welt entdecken \u2013 Vielfalt schmecken","publisher":{"@id":"https:\/\/www.apetito-catering.de\/aktion\/welt-entdecken-vielfalt-schmecken\/#organization"},"potentialAction":[{"@type":"SearchAction","target":{"@type":"EntryPoint","urlTemplate":"https:\/\/www.apetito-catering.de\/aktion\/welt-entdecken-vielfalt-schmecken\/?s={search_term_string}"},"query-input":{"@type":"PropertyValueSpecification","valueRequired":true,"valueName":"search_term_string"}}],"inLanguage":"de"},{"@type":"Organization","@id":"https:\/\/www.apetito-catering.de\/aktion\/welt-entdecken-vielfalt-schmecken\/#organization","name":"apetito catering Aktion","url":"https:\/\/www.apetito-catering.de\/aktion\/welt-entdecken-vielfalt-schmecken\/","logo":{"@type":"ImageObject","inLanguage":"de","@id":"https:\/\/www.apetito-catering.de\/aktion\/welt-entdecken-vielfalt-schmecken\/#\/schema\/logo\/image\/","url":"https:\/\/www.apetito-catering.de\/aktion\/welt-entdecken-vielfalt-schmecken\/wp-content\/uploads\/2025\/12\/apetito_catering_logo.svg","contentUrl":"https:\/\/www.apetito-catering.de\/aktion\/welt-entdecken-vielfalt-schmecken\/wp-content\/uploads\/2025\/12\/apetito_catering_logo.svg","width":309,"height":137,"caption":"apetito catering Aktion"},"image":{"@id":"https:\/\/www.apetito-catering.de\/aktion\/welt-entdecken-vielfalt-schmecken\/#\/schema\/logo\/image\/"}}]}},"_links":{"self":[{"href":"https:\/\/www.apetito-catering.de\/aktion\/welt-entdecken-vielfalt-schmecken\/wp-json\/wp\/v2\/pages\/16","targetHints":{"allow":["GET"]}}],"collection":[{"href":"https:\/\/www.apetito-catering.de\/aktion\/welt-entdecken-vielfalt-schmecken\/wp-json\/wp\/v2\/pages"}],"about":[{"href":"https:\/\/www.apetito-catering.de\/aktion\/welt-entdecken-vielfalt-schmecken\/wp-json\/wp\/v2\/types\/page"}],"author":[{"embeddable":true,"href":"https:\/\/www.apetito-catering.de\/aktion\/welt-entdecken-vielfalt-schmecken\/wp-json\/wp\/v2\/users\/1"}],"replies":[{"embeddable":true,"href":"https:\/\/www.apetito-catering.de\/aktion\/welt-entdecken-vielfalt-schmecken\/wp-json\/wp\/v2\/comments?post=16"}],"version-history":[{"count":10,"href":"https:\/\/www.apetito-catering.de\/aktion\/welt-entdecken-vielfalt-schmecken\/wp-json\/wp\/v2\/pages\/16\/revisions"}],"predecessor-version":[{"id":348,"href":"https:\/\/www.apetito-catering.de\/aktion\/welt-entdecken-vielfalt-schmecken\/wp-json\/wp\/v2\/pages\/16\/revisions\/348"}],"wp:attachment":[{"href":"https:\/\/www.apetito-catering.de\/aktion\/welt-entdecken-vielfalt-schmecken\/wp-json\/wp\/v2\/media?parent=16"}],"curies":[{"name":"wp","href":"https:\/\/api.w.org\/{rel}","templated":true}]}}